{"id":194,"date":"2020-11-04T21:35:19","date_gmt":"2020-11-05T02:35:19","guid":{"rendered":"https:\/\/communicationcoscomcms.cm.ucf.edu\/icrcc\/?page_id=194"},"modified":"2022-02-02T20:11:11","modified_gmt":"2022-02-03T01:11:11","slug":"registration","status":"publish","type":"page","link":"https:\/\/communication.ucf.edu\/icrcc\/es\/registration\/","title":{"rendered":"Registration"},"content":{"rendered":"<ul class=\"nav nav-pills justify-content-end\">\n<li class=\"nav-item\"><a class=\"nav-link active\" href=\"#english\" data-toggle=\"tab\"><strong>English<\/strong><\/a><\/li>\n<li class=\"nav-item\"><a class=\"nav-link\" href=\"#spanish\" data-toggle=\"tab\"><strong>Spanish<\/strong><\/a><\/li>\n<\/ul>\n<div class=\"tab-content\">\n<div id=\"english\" class=\"tab-pane container active py-5\">\n<h2 class=\"heading-underline\">Conference Registration<\/h2>\n<p>Please complete the registration process by visiting our <a href=\"https:\/\/www.eventbrite.com\/e\/12th-international-crisis-and-risk-communication-conference-icrcc-registration-205264340167\">Eventbrite page here<\/a>.<\/p>\n<p>&nbsp;<\/p>\n<h2 class=\"heading-underline\">HOTEL registration<\/h2>\n<p>ICRCC 2022 will be held in\u00a0<a title=\"marriott-orlando-downtown\" href=\"https:\/\/www.marriott.com\/hotels\/travel\/mcodo-marriott-orlando-downtown\/\" data-analytics=\"{'location':'auxiliary'}\">Marriott Orlando Downtown\u00a0<\/a><a style=\"background-color: #ffffff;font-size: 1rem\" href=\"https:\/\/www.marriott.com\/hotels\/maps\/travel\/mcodo-marriott-orlando-downtown\/?maps\"><span class=\"l-l-display-inline-block is-hidden-s t-line-height-m t-color-brand\">400 West Livingston Street<\/span><span class=\"l-l-display-inline-block is-hidden-s t-color-brand\">,<\/span>\u00a0<span class=\"l-l-display-inline-block is-hidden-s t-line-height-m t-color-brand\">Orlando<\/span><span class=\"l-l-display-inline-block is-hidden-s t-color-brand\">,<\/span>\u00a0<span class=\"l-l-display-inline-block is-hidden-s t-line-height-m t-color-brand\">Florida<\/span>\u00a0<span class=\"l-l-display-inline-block is-hidden-s t-line-height-m t-color-brand\">32801<\/span>\u00a0<span class=\"l-l-display-inline-block is-hidden-s t-line-height-m t-color-brand\">USA\u00a0<\/span><\/a><\/p>\n<p><span class=\"l-l-display-inline-block is-hidden-s t-line-height-m t-color-brand\">To book a room at the hotel<\/span> please use <span style=\"font-size: 1rem\">the PROMO CODE ucfucfa for a King bed or ucfucfb for two queen beds.\u00a0<\/span><\/p>\n<p>If you have trouble registering for the special rate for the ICRCC event, please contact Melissa Martinez directly at the Downtown Orlando Marriott Hotel.\u00a0 Her email address is:\u00a0\u00a0melissa.martinez@marriottorlandodowntown.com<\/p>\n<\/div>\n<div id=\"spanish\" class=\"tab-pane container fade py-5\">\n<h2>Inscripci\u00f3n a la Conferencia<\/h2>\n<p>Por favor, complete el proceso de inscripci\u00f3n visitando nuestra p\u00e1gina de Eventbrite aqu\u00ed.<\/p>\n<h2>Reserva de Hotel<\/h2>\n<p>La ICRCC 2022 se celebrar\u00e1 en el Marriott Orlando Downtown 400 West Livingston Street, Orlando, Florida 32801 USA<\/p>\n<p>Para reservar una habitaci\u00f3n en el hotel, p\u00f3ngase en contacto directamente con ellos llamando al <a class=\"t-line-height-m js-contact-details-container\" style=\"background-color: #ffffff;font-size: 1rem\" href=\"tel:+1 407-868-8686\"><span class=\"phone-number t-color-brand t-font-s t-line-height-m l-l-display-inline-block is-hidden-s l-phone-number t-force-ltr\">+1 407-868-8686<\/span><\/a> o <a href=\"https:\/\/communication.ucf.edu\/icrcc\/es\/registration\/\">visitando su p\u00e1gina web.<\/a><\/p>\n<\/div>\n<\/div>\n<p>&nbsp;<\/p>\n<p>&nbsp;<\/p>\n<p>&nbsp;<\/p>","protected":false},"excerpt":{"rendered":"English Spanish Conference Registration Please complete the registration process by visiting our Eventbrite page here. &nbsp; HOTEL registration ICRCC 2022 will be held in\u00a0Marriott Orlando Downtown\u00a0400 West Livingston Street,\u00a0Orlando,\u00a0Florida\u00a032801\u00a0USA\u00a0 To book a room at the hotel please use the PROMO CODE ucfucfa for a King bed or ucfucfb for two queen beds.\u00a0 If you have [&hellip;]","protected":false},"author":8,"featured_media":0,"parent":0,"menu_order":0,"comment_status":"closed","ping_status":"closed","template":"","meta":{"_acf_changed":false,"footnotes":"","_links_to":"","_links_to_target":""},"class_list":["post-194","page","type-page","status-publish","hentry"],"acf":[],"yoast_head":"<!-- This site is optimized with the Yoast SEO plugin v27.2 - https:\/\/yoast.com\/product\/yoast-seo-wordpress\/ -->\n<title>Registration - International Crisis and Risk Communication Conference<\/title>\n<meta name=\"robots\" content=\"index, follow, max-snippet:-1, max-image-preview:large, max-video-preview:-1\" \/>\n<link rel=\"canonical\" href=\"https:\/\/communication.ucf.edu\/icrcc\/es\/registration\/\" \/>\n<meta property=\"og:locale\" content=\"es_ES\" \/>\n<meta property=\"og:type\" content=\"article\" \/>\n<meta property=\"og:title\" content=\"Registration - International Crisis and Risk Communication Conference\" \/>\n<meta property=\"og:description\" content=\"English Spanish Conference Registration Please complete the registration process by visiting our Eventbrite page here. &nbsp; HOTEL registration ICRCC 2022 will be held in\u00a0Marriott Orlando Downtown\u00a0400 West Livingston Street,\u00a0Orlando,\u00a0Florida\u00a032801\u00a0USA\u00a0 To book a room at the hotel please use the PROMO CODE ucfucfa for a King bed or ucfucfb for two queen beds.\u00a0 If you have [&hellip;]\" \/>\n<meta property=\"og:url\" content=\"https:\/\/communication.ucf.edu\/icrcc\/es\/registration\/\" \/>\n<meta property=\"og:site_name\" content=\"International Crisis and Risk Communication Conference\" \/>\n<meta property=\"article:modified_time\" content=\"2022-02-03T01:11:11+00:00\" \/>\n<meta name=\"twitter:card\" content=\"summary_large_image\" \/>\n<meta name=\"twitter:label1\" content=\"Est. reading time\" \/>\n\t<meta name=\"twitter:data1\" content=\"1 minute\" \/>\n<script type=\"application\/ld+json\" class=\"yoast-schema-graph\">{\"@context\":\"https:\/\/schema.org\",\"@graph\":[{\"@type\":\"WebPage\",\"@id\":\"https:\/\/communication.ucf.edu\/icrcc\/registration\/\",\"url\":\"https:\/\/communication.ucf.edu\/icrcc\/registration\/\",\"name\":\"Registration - International Crisis and Risk Communication Conference\",\"isPartOf\":{\"@id\":\"https:\/\/communication.ucf.edu\/icrcc\/#website\"},\"datePublished\":\"2020-11-05T02:35:19+00:00\",\"dateModified\":\"2022-02-03T01:11:11+00:00\",\"breadcrumb\":{\"@id\":\"https:\/\/communication.ucf.edu\/icrcc\/registration\/#breadcrumb\"},\"inLanguage\":\"es-PR\",\"potentialAction\":[{\"@type\":\"ReadAction\",\"target\":[\"https:\/\/communication.ucf.edu\/icrcc\/registration\/\"]}]},{\"@type\":\"BreadcrumbList\",\"@id\":\"https:\/\/communication.ucf.edu\/icrcc\/registration\/#breadcrumb\",\"itemListElement\":[{\"@type\":\"ListItem\",\"position\":1,\"name\":\"Home\",\"item\":\"https:\/\/communication.ucf.edu\/icrcc\/\"},{\"@type\":\"ListItem\",\"position\":2,\"name\":\"Registration\"}]},{\"@type\":\"WebSite\",\"@id\":\"https:\/\/communication.ucf.edu\/icrcc\/#website\",\"url\":\"https:\/\/communication.ucf.edu\/icrcc\/\",\"name\":\"International Crisis and Risk Communication Conference\",\"description\":\"\",\"potentialAction\":[{\"@type\":\"SearchAction\",\"target\":{\"@type\":\"EntryPoint\",\"urlTemplate\":\"https:\/\/communication.ucf.edu\/icrcc\/?s={search_term_string}\"},\"query-input\":{\"@type\":\"PropertyValueSpecification\",\"valueRequired\":true,\"valueName\":\"search_term_string\"}}],\"inLanguage\":\"es-PR\"}]}<\/script>\n<!-- \/ Yoast SEO plugin. -->","yoast_head_json":{"title":"Registration - International Crisis and Risk Communication Conference","robots":{"index":"index","follow":"follow","max-snippet":"max-snippet:-1","max-image-preview":"max-image-preview:large","max-video-preview":"max-video-preview:-1"},"canonical":"https:\/\/communication.ucf.edu\/icrcc\/es\/registration\/","og_locale":"es_ES","og_type":"article","og_title":"Registration - International Crisis and Risk Communication Conference","og_description":"English Spanish Conference Registration Please complete the registration process by visiting our Eventbrite page here. &nbsp; HOTEL registration ICRCC 2022 will be held in\u00a0Marriott Orlando Downtown\u00a0400 West Livingston Street,\u00a0Orlando,\u00a0Florida\u00a032801\u00a0USA\u00a0 To book a room at the hotel please use the PROMO CODE ucfucfa for a King bed or ucfucfb for two queen beds.\u00a0 If you have [&hellip;]","og_url":"https:\/\/communication.ucf.edu\/icrcc\/es\/registration\/","og_site_name":"International Crisis and Risk Communication Conference","article_modified_time":"2022-02-03T01:11:11+00:00","twitter_card":"summary_large_image","twitter_misc":{"Est. reading time":"1 minute"},"schema":{"@context":"https:\/\/schema.org","@graph":[{"@type":"WebPage","@id":"https:\/\/communication.ucf.edu\/icrcc\/registration\/","url":"https:\/\/communication.ucf.edu\/icrcc\/registration\/","name":"Registration - International Crisis and Risk Communication Conference","isPartOf":{"@id":"https:\/\/communication.ucf.edu\/icrcc\/#website"},"datePublished":"2020-11-05T02:35:19+00:00","dateModified":"2022-02-03T01:11:11+00:00","breadcrumb":{"@id":"https:\/\/communication.ucf.edu\/icrcc\/registration\/#breadcrumb"},"inLanguage":"es-PR","potentialAction":[{"@type":"ReadAction","target":["https:\/\/communication.ucf.edu\/icrcc\/registration\/"]}]},{"@type":"BreadcrumbList","@id":"https:\/\/communication.ucf.edu\/icrcc\/registration\/#breadcrumb","itemListElement":[{"@type":"ListItem","position":1,"name":"Home","item":"https:\/\/communication.ucf.edu\/icrcc\/"},{"@type":"ListItem","position":2,"name":"Registration"}]},{"@type":"WebSite","@id":"https:\/\/communication.ucf.edu\/icrcc\/#website","url":"https:\/\/communication.ucf.edu\/icrcc\/","name":"International Crisis and Risk Communication Conference","description":"","potentialAction":[{"@type":"SearchAction","target":{"@type":"EntryPoint","urlTemplate":"https:\/\/communication.ucf.edu\/icrcc\/?s={search_term_string}"},"query-input":{"@type":"PropertyValueSpecification","valueRequired":true,"valueName":"search_term_string"}}],"inLanguage":"es-PR"}]}},"_links":{"self":[{"href":"https:\/\/communication.ucf.edu\/icrcc\/es\/wp-json\/wp\/v2\/pages\/194","targetHints":{"allow":["GET"]}}],"collection":[{"href":"https:\/\/communication.ucf.edu\/icrcc\/es\/wp-json\/wp\/v2\/pages"}],"about":[{"href":"https:\/\/communication.ucf.edu\/icrcc\/es\/wp-json\/wp\/v2\/types\/page"}],"author":[{"embeddable":true,"href":"https:\/\/communication.ucf.edu\/icrcc\/es\/wp-json\/wp\/v2\/users\/8"}],"replies":[{"embeddable":true,"href":"https:\/\/communication.ucf.edu\/icrcc\/es\/wp-json\/wp\/v2\/comments?post=194"}],"version-history":[{"count":10,"href":"https:\/\/communication.ucf.edu\/icrcc\/es\/wp-json\/wp\/v2\/pages\/194\/revisions"}],"predecessor-version":[{"id":1759,"href":"https:\/\/communication.ucf.edu\/icrcc\/es\/wp-json\/wp\/v2\/pages\/194\/revisions\/1759"}],"wp:attachment":[{"href":"https:\/\/communication.ucf.edu\/icrcc\/es\/wp-json\/wp\/v2\/media?parent=194"}],"curies":[{"name":"wp","href":"https:\/\/api.w.org\/{rel}","templated":true}]}}