{"id":73,"date":"2020-10-08T10:54:38","date_gmt":"2020-10-08T14:54:38","guid":{"rendered":"https:\/\/communicationcoscomcms.cm.ucf.edu\/icrcc\/?page_id=73"},"modified":"2022-02-28T16:38:36","modified_gmt":"2022-02-28T21:38:36","slug":"about","status":"publish","type":"page","link":"https:\/\/communication.ucf.edu\/icrcc\/about\/","title":{"rendered":"About"},"content":{"rendered":"\t\t<nav class=\"sections-menu-wrapper\" aria-label=\"Page section navigation\" style=\"min-height: 60px;\">\n\t\t\t<div class=\"navbar navbar-toggleable-md navbar-light bg-primary sections-menu\">\n\t\t\t\t<div class=\"container\">\n\t\t\t\t\t<button class=\"navbar-toggler collapsed ml-auto\" type=\"button\" data-toggle=\"collapse\" data-target=\"#sections-menu\" aria-controls=\"#sections-menu\" aria-expanded=\"false\">\n\t\t\t\t\t\t<span class=\"navbar-toggler-text\">Skip to Section<\/span>\n\t\t\t\t\t\t<span class=\"navbar-toggler-icon\" aria-hidden=\"true\"><\/span>\n\t\t\t\t\t<\/button>\n\t\t\t\t\t<div class=\"navbar-collapse collapse\" id=\"sections-menu\" data-autoselect=\"true\" data-selector=\".auto-section\">\n\t\t\t\t\t\t<ul class=\"nav navbar-nav\">\n\t\t\t\t\t\t\t\t\t\t\t\t\t<\/ul>\n\t\t\t\t\t<\/div>\n\t\t\t\t<\/div>\n\t\t\t<\/div>\n\t\t<\/nav>\n\t\n<ul class=\"nav nav-pills justify-content-end\">\n<li class=\"nav-item\">\n    <a class=\"nav-link active\" data-toggle=\"tab\" href=\"#english\"><strong>English<\/strong><\/a>\n  <\/li>\n<li class=\"nav-item\">\n    <a class=\"nav-link\" data-toggle=\"tab\" href=\"#spanish\"><strong>Spanish<\/strong><\/a>\n  <\/li>\n<\/ul>\n<div class=\"tab-content\">\n<div class=\"tab-pane container active py-5\" id=\"english\">\n<p><strong>The International Crisis and Risk Communication Conference<\/strong>\u00a0<strong>(ICRCC)\u00a0<\/strong>affords attendees the rare opportunity to network with prominent crisis communication practitioners, leaders and researchers in a relaxed setting. You can expect to initiate and develop strong, inspiring professional relationships that may benefit you and your organization. Open participation and feedback are encouraged, within interactive sessions with like-minded peers, professionals and researchers in attendance.<\/p>\n<p>Each year the International Crisis and Risk Communication Conference brings together an exciting agenda of anticipated sessions and speakers, and attendees receive high value for their education and travel dollars. Our general and breakout sessions bring you a firsthand look at the most current topics in the field. We continue to bring in leading professionals and researchers to share their expertise in interactive case studies, in-depth panel discussions and useful, new and noteworthy sessions. Our 2022 conference will take place from Monday, March 7th to Wednesday, March 9th in downtown Orlando.<\/p>\n<hr \/>\n<p>Join us for this important annual educational event, featuring several valuable topic presentations given by top university academics and esteemed practitioners of applied crisis communication planning and management.<\/p><\/div>\n<div class=\"tab-pane container fade py-5\" id=\"spanish\">\n<p><strong>La Conferencia Internacional de Comunicaci\u00f3n de Crisis y Riesgos (ICRCC por sus siglas en ingl\u00e9s)<\/strong> ofrece a los asistentes una oportunidad \u00fanica de relacionarse con destacados profesionales, l\u00edderes e investigadores de la comunicaci\u00f3n de crisis en un entorno distendido. Asimismo, los asistentes podr\u00e1n entablar y desarrollar relaciones profesionales s\u00f3lidas e id\u00f3neas para su beneficio y el de su organizaci\u00f3n. Esta conferencia fomenta la participaci\u00f3n abierta y la retroalimentaci\u00f3n, dentro de las sesiones interactivas con colegas, profesionales e investigadores que comparten los mismos intereses.<\/p>\n<p>Cada a\u00f1o, la Conferencia Internacional de Comunicaci\u00f3n de Crisis y Riesgos trae una interesante agenda de sesiones y ponentes, ofreciendo a los asistentes un evento de gran valor. Nuestras sesiones plenarias y grupales ofrecen una visi\u00f3n de primera mano de los temas m\u00e1s actuales en este campo. Seguimos contando con la presencia de los principales profesionales e investigadores del sector para que compartan su experiencia a traves de estudios de casos interactivos, mesas redondas y nuevas sesiones \u00fatiles y enriquecedoras. Nuestra conferencia del 2022 se llevar\u00e1 a cabo del lunes 7 al mi\u00e9rcoles 9 de marzo en el centro de la ciudad de Orlando, Florida.<\/p>\n<hr \/>\n<p>Acomp\u00e1\u00f1enos en este importante evento educativo anual, en el que se presentar\u00e1n varios temas valiosos a cargo de los m\u00e1s renombrados catedr\u00e1ticos universitarios y destacados profesionales de la planificaci\u00f3n y gesti\u00f3n de la comunicaci\u00f3n de crisis en la pr\u00e1ctica.\n<\/p><\/div>\n<\/div>\n","protected":false},"excerpt":{"rendered":"English Spanish The International Crisis and Risk Communication Conference\u00a0(ICRCC)\u00a0affords attendees the rare opportunity to network with prominent crisis communication practitioners, leaders and researchers in a relaxed setting. You can expect to initiate and develop strong, inspiring professional relationships that may benefit you and your organization. Open participation and feedback are encouraged, within interactive sessions with [&hellip;]","protected":false},"author":8,"featured_media":0,"parent":0,"menu_order":0,"comment_status":"closed","ping_status":"closed","template":"","meta":{"_acf_changed":false,"footnotes":"","_links_to":"","_links_to_target":""},"class_list":["post-73","page","type-page","status-publish","hentry"],"acf":[],"yoast_head":"<!-- This site is optimized with the Yoast SEO plugin v27.2 - https:\/\/yoast.com\/product\/yoast-seo-wordpress\/ -->\n<title>About - International Crisis and Risk Communication Conference<\/title>\n<meta name=\"robots\" content=\"index, follow, max-snippet:-1, max-image-preview:large, max-video-preview:-1\" \/>\n<link rel=\"canonical\" href=\"https:\/\/communication.ucf.edu\/icrcc\/about\/\" \/>\n<meta property=\"og:locale\" content=\"en_US\" \/>\n<meta property=\"og:type\" content=\"article\" \/>\n<meta property=\"og:title\" content=\"About - International Crisis and Risk Communication Conference\" \/>\n<meta property=\"og:description\" content=\"English Spanish The International Crisis and Risk Communication Conference\u00a0(ICRCC)\u00a0affords attendees the rare opportunity to network with prominent crisis communication practitioners, leaders and researchers in a relaxed setting. You can expect to initiate and develop strong, inspiring professional relationships that may benefit you and your organization. Open participation and feedback are encouraged, within interactive sessions with [&hellip;]\" \/>\n<meta property=\"og:url\" content=\"https:\/\/communication.ucf.edu\/icrcc\/about\/\" \/>\n<meta property=\"og:site_name\" content=\"International Crisis and Risk Communication Conference\" \/>\n<meta property=\"article:modified_time\" content=\"2022-02-28T21:38:36+00:00\" \/>\n<meta name=\"twitter:card\" content=\"summary_large_image\" \/>\n<meta name=\"twitter:label1\" content=\"Est. reading time\" \/>\n\t<meta name=\"twitter:data1\" content=\"2 minutes\" \/>\n<script type=\"application\/ld+json\" class=\"yoast-schema-graph\">{\"@context\":\"https:\/\/schema.org\",\"@graph\":[{\"@type\":\"WebPage\",\"@id\":\"https:\/\/communication.ucf.edu\/icrcc\/about\/\",\"url\":\"https:\/\/communication.ucf.edu\/icrcc\/about\/\",\"name\":\"About - International Crisis and Risk Communication Conference\",\"isPartOf\":{\"@id\":\"https:\/\/communication.ucf.edu\/icrcc\/#website\"},\"datePublished\":\"2020-10-08T14:54:38+00:00\",\"dateModified\":\"2022-02-28T21:38:36+00:00\",\"breadcrumb\":{\"@id\":\"https:\/\/communication.ucf.edu\/icrcc\/about\/#breadcrumb\"},\"inLanguage\":\"en-US\",\"potentialAction\":[{\"@type\":\"ReadAction\",\"target\":[\"https:\/\/communication.ucf.edu\/icrcc\/about\/\"]}]},{\"@type\":\"BreadcrumbList\",\"@id\":\"https:\/\/communication.ucf.edu\/icrcc\/about\/#breadcrumb\",\"itemListElement\":[{\"@type\":\"ListItem\",\"position\":1,\"name\":\"Home\",\"item\":\"https:\/\/communication.ucf.edu\/icrcc\/\"},{\"@type\":\"ListItem\",\"position\":2,\"name\":\"About\"}]},{\"@type\":\"WebSite\",\"@id\":\"https:\/\/communication.ucf.edu\/icrcc\/#website\",\"url\":\"https:\/\/communication.ucf.edu\/icrcc\/\",\"name\":\"International Crisis and Risk Communication Conference\",\"description\":\"\",\"potentialAction\":[{\"@type\":\"SearchAction\",\"target\":{\"@type\":\"EntryPoint\",\"urlTemplate\":\"https:\/\/communication.ucf.edu\/icrcc\/?s={search_term_string}\"},\"query-input\":{\"@type\":\"PropertyValueSpecification\",\"valueRequired\":true,\"valueName\":\"search_term_string\"}}],\"inLanguage\":\"en-US\"}]}<\/script>\n<!-- \/ Yoast SEO plugin. -->","yoast_head_json":{"title":"About - International Crisis and Risk Communication Conference","robots":{"index":"index","follow":"follow","max-snippet":"max-snippet:-1","max-image-preview":"max-image-preview:large","max-video-preview":"max-video-preview:-1"},"canonical":"https:\/\/communication.ucf.edu\/icrcc\/about\/","og_locale":"en_US","og_type":"article","og_title":"About - International Crisis and Risk Communication Conference","og_description":"English Spanish The International Crisis and Risk Communication Conference\u00a0(ICRCC)\u00a0affords attendees the rare opportunity to network with prominent crisis communication practitioners, leaders and researchers in a relaxed setting. You can expect to initiate and develop strong, inspiring professional relationships that may benefit you and your organization. Open participation and feedback are encouraged, within interactive sessions with [&hellip;]","og_url":"https:\/\/communication.ucf.edu\/icrcc\/about\/","og_site_name":"International Crisis and Risk Communication Conference","article_modified_time":"2022-02-28T21:38:36+00:00","twitter_card":"summary_large_image","twitter_misc":{"Est. reading time":"2 minutes"},"schema":{"@context":"https:\/\/schema.org","@graph":[{"@type":"WebPage","@id":"https:\/\/communication.ucf.edu\/icrcc\/about\/","url":"https:\/\/communication.ucf.edu\/icrcc\/about\/","name":"About - International Crisis and Risk Communication Conference","isPartOf":{"@id":"https:\/\/communication.ucf.edu\/icrcc\/#website"},"datePublished":"2020-10-08T14:54:38+00:00","dateModified":"2022-02-28T21:38:36+00:00","breadcrumb":{"@id":"https:\/\/communication.ucf.edu\/icrcc\/about\/#breadcrumb"},"inLanguage":"en-US","potentialAction":[{"@type":"ReadAction","target":["https:\/\/communication.ucf.edu\/icrcc\/about\/"]}]},{"@type":"BreadcrumbList","@id":"https:\/\/communication.ucf.edu\/icrcc\/about\/#breadcrumb","itemListElement":[{"@type":"ListItem","position":1,"name":"Home","item":"https:\/\/communication.ucf.edu\/icrcc\/"},{"@type":"ListItem","position":2,"name":"About"}]},{"@type":"WebSite","@id":"https:\/\/communication.ucf.edu\/icrcc\/#website","url":"https:\/\/communication.ucf.edu\/icrcc\/","name":"International Crisis and Risk Communication Conference","description":"","potentialAction":[{"@type":"SearchAction","target":{"@type":"EntryPoint","urlTemplate":"https:\/\/communication.ucf.edu\/icrcc\/?s={search_term_string}"},"query-input":{"@type":"PropertyValueSpecification","valueRequired":true,"valueName":"search_term_string"}}],"inLanguage":"en-US"}]}},"_links":{"self":[{"href":"https:\/\/communication.ucf.edu\/icrcc\/wp-json\/wp\/v2\/pages\/73","targetHints":{"allow":["GET"]}}],"collection":[{"href":"https:\/\/communication.ucf.edu\/icrcc\/wp-json\/wp\/v2\/pages"}],"about":[{"href":"https:\/\/communication.ucf.edu\/icrcc\/wp-json\/wp\/v2\/types\/page"}],"author":[{"embeddable":true,"href":"https:\/\/communication.ucf.edu\/icrcc\/wp-json\/wp\/v2\/users\/8"}],"replies":[{"embeddable":true,"href":"https:\/\/communication.ucf.edu\/icrcc\/wp-json\/wp\/v2\/comments?post=73"}],"version-history":[{"count":7,"href":"https:\/\/communication.ucf.edu\/icrcc\/wp-json\/wp\/v2\/pages\/73\/revisions"}],"predecessor-version":[{"id":2020,"href":"https:\/\/communication.ucf.edu\/icrcc\/wp-json\/wp\/v2\/pages\/73\/revisions\/2020"}],"wp:attachment":[{"href":"https:\/\/communication.ucf.edu\/icrcc\/wp-json\/wp\/v2\/media?parent=73"}],"curies":[{"name":"wp","href":"https:\/\/api.w.org\/{rel}","templated":true}]}}