{"id":75,"date":"2020-10-08T10:55:06","date_gmt":"2020-10-08T14:55:06","guid":{"rendered":"https:\/\/communicationcoscomcms.cm.ucf.edu\/icrcc\/?page_id=75"},"modified":"2021-12-17T12:22:02","modified_gmt":"2021-12-17T17:22:02","slug":"sponsors","status":"publish","type":"page","link":"https:\/\/communication.ucf.edu\/icrcc\/sponsors\/","title":{"rendered":"Sponsorship"},"content":{"rendered":"<ul class=\"nav nav-pills justify-content-end\">\n<li class=\"nav-item\">\n    <a class=\"nav-link active\" data-toggle=\"tab\" href=\"#english\"><strong>English<\/strong><\/a>\n  <\/li>\n<li class=\"nav-item\">\n    <a class=\"nav-link\" data-toggle=\"tab\" href=\"#spanish\"><strong>Spanish<\/strong><\/a>\n  <\/li>\n<\/ul>\n<div class=\"tab-content\">\n<div class=\"tab-pane container active py-5\" id=\"english\">\n<p>This conference&#8217;s vision is to build international consortium for risk and crisis communication would not be possible without valuable sponsors. Not only do we appreciate and value your support, we truly could not continue to host the event without it. In exchange for your support, we provide you an opportunity to reach students, faculty, alumni, world-renowned researchers, and leading professionals in corporate communication, public relations and marketing, emergency management, media, and journalism with your brand.\u00a0 You may also choose to join us by attending the conference to interact directly with this diverse group of influential opinion leaders.<\/p>\n<p>In addition to the various sponsorship opportunities listed on the flier, we are also open to unique ideas you may have for sponsoring this important event in other ways.\u00a0 If you have questions or would like more information, please reach out at <a href=\"mailto:icrc@ucf.edu\">icrc@ucf.edu<\/a>.<\/p>\n<p>Thank you for supporting academic research professors and cutting edge professionals as we work together to examine issues of risk and crisis, as well as construct and implement communication best practices for mitigating harms and saving lives.<\/p>\n<p>To become a sponsor, please read information about sponsorship packages and donate by clicking the &#8220;DONATE HERE&#8221; blue button below:<\/p>\n<p>&nbsp;<br \/>\n<img loading=\"lazy\" decoding=\"async\" width=\"232\" height=\"300\" class=\"img-fluid wp-image-1184 aligncenter\" src=\"https:\/\/communication.ucf.edu\/icrcc\/wp-content\/uploads\/sites\/16\/2021\/11\/3-1-232x300.png\" alt=\"\" srcset=\"https:\/\/communication.ucf.edu\/icrcc\/wp-content\/uploads\/sites\/16\/2021\/11\/3-1-232x300.png 232w, https:\/\/communication.ucf.edu\/icrcc\/wp-content\/uploads\/sites\/16\/2021\/11\/3-1-791x1024.png 791w, https:\/\/communication.ucf.edu\/icrcc\/wp-content\/uploads\/sites\/16\/2021\/11\/3-1-768x994.png 768w, https:\/\/communication.ucf.edu\/icrcc\/wp-content\/uploads\/sites\/16\/2021\/11\/3-1-1187x1536.png 1187w, https:\/\/communication.ucf.edu\/icrcc\/wp-content\/uploads\/sites\/16\/2021\/11\/3-1-9x12.png 9w, https:\/\/communication.ucf.edu\/icrcc\/wp-content\/uploads\/sites\/16\/2021\/11\/3-1.png 1545w\" sizes=\"auto, (max-width: 232px) 100vw, 232px\" \/><\/p>\n<p><img loading=\"lazy\" decoding=\"async\" width=\"232\" height=\"300\" class=\"img-fluid wp-image-1185 aligncenter\" src=\"https:\/\/communication.ucf.edu\/icrcc\/wp-content\/uploads\/sites\/16\/2021\/11\/4-1-232x300.png\" alt=\"\" srcset=\"https:\/\/communication.ucf.edu\/icrcc\/wp-content\/uploads\/sites\/16\/2021\/11\/4-1-232x300.png 232w, https:\/\/communication.ucf.edu\/icrcc\/wp-content\/uploads\/sites\/16\/2021\/11\/4-1-791x1024.png 791w, https:\/\/communication.ucf.edu\/icrcc\/wp-content\/uploads\/sites\/16\/2021\/11\/4-1-768x994.png 768w, https:\/\/communication.ucf.edu\/icrcc\/wp-content\/uploads\/sites\/16\/2021\/11\/4-1-1187x1536.png 1187w, https:\/\/communication.ucf.edu\/icrcc\/wp-content\/uploads\/sites\/16\/2021\/11\/4-1-9x12.png 9w, https:\/\/communication.ucf.edu\/icrcc\/wp-content\/uploads\/sites\/16\/2021\/11\/4-1.png 1545w\" sizes=\"auto, (max-width: 232px) 100vw, 232px\" \/><\/p>\n<p><img loading=\"lazy\" decoding=\"async\" width=\"232\" height=\"300\" class=\"img-fluid wp-image-1186 aligncenter\" src=\"https:\/\/communication.ucf.edu\/icrcc\/wp-content\/uploads\/sites\/16\/2021\/11\/5-1-232x300.png\" alt=\"\" srcset=\"https:\/\/communication.ucf.edu\/icrcc\/wp-content\/uploads\/sites\/16\/2021\/11\/5-1-232x300.png 232w, https:\/\/communication.ucf.edu\/icrcc\/wp-content\/uploads\/sites\/16\/2021\/11\/5-1-791x1024.png 791w, https:\/\/communication.ucf.edu\/icrcc\/wp-content\/uploads\/sites\/16\/2021\/11\/5-1-768x994.png 768w, https:\/\/communication.ucf.edu\/icrcc\/wp-content\/uploads\/sites\/16\/2021\/11\/5-1-1187x1536.png 1187w, https:\/\/communication.ucf.edu\/icrcc\/wp-content\/uploads\/sites\/16\/2021\/11\/5-1-9x12.png 9w, https:\/\/communication.ucf.edu\/icrcc\/wp-content\/uploads\/sites\/16\/2021\/11\/5-1.png 1545w\" sizes=\"auto, (max-width: 232px) 100vw, 232px\" \/><\/p>\n<p>&nbsp;<\/p>\n<p style=\"text-align: center\">(Note: when completing the donation form, please choose <strong>&#8220;Communication Department&#8221; and\u00a0<em>not<\/em>\u00a0&#8220;Nicholson School of Communication&#8221;<\/strong> in the drop-down menu for designation. Also, please include &#8220;ICRCC&#8221; in the Comments\u00a0section, so your donation will be sent directly to the conference. Also include your preference of how you would like to be addressed in the acknowledgement materials, such as your organization&#8217;s name or Mr. and Mrs. Smith.)<\/p>\n<h1 style=\"text-align: center\"><a href=\"https:\/\/foundation.ucf.edu\/givetonscm\"><strong>DONATE HERE<\/strong><\/a><\/h1>\n<\/p><\/div>\n<div class=\"tab-pane container fade py-5\" id=\"spanish\">\n<p>La visi\u00f3n de esta conferencia de crear un consorcio internacional para la comunicaci\u00f3n de riesgos y crisis no ser\u00eda posible sin sus valiosos patrocinadores. No s\u00f3lo apreciamos y valoramos su apoyo, sino que realmente no podr\u00edamos seguir organizando el evento sin \u00e9l. A cambio de su apoyo, le brindamos la oportunidad de llegar con su marca a estudiantes, profesores, ex alumnos, investigadores de renombre mundial y profesionales l\u00edderes de la comunicaci\u00f3n corporativa, relaciones p\u00fablicas y marketing, gesti\u00f3n de emergencias, medios de comunicaci\u00f3n y periodismo. Tambi\u00e9n puede optar por unirse a nosotros asistiendo a la conferencia para interactuar directamente con este diverso grupo de influyentes l\u00edderes de opini\u00f3n.<\/p>\n<p>Adem\u00e1s de las diversas oportunidades de auspicio que figuran en el folleto, tambi\u00e9n estamos abiertos a nuevas ideas de auspicio que usted pueda tener para este importante evento.  Si tiene alguna pregunta o desea m\u00e1s informaci\u00f3n, p\u00f3ngase en contacto con nosotros al correo electr\u00f3nico <a href=\"mailto:icrc@ucf.edu\">icrc@ucf.edu<\/a>.<\/p>\n<p>Gracias por apoyar a los profesores investigadores y a los profesionales de vanguardia en nuestros esfuerzos por examinar los problemas de riesgo y crisis, as\u00ed como por construir y aplicar las mejores pr\u00e1cticas comunicacionales para mitigar los da\u00f1os y salvar vidas.<\/p>\n<p>Para convertirse en auspiciador, lea la informaci\u00f3n sobre los paquetes de auspicio y haga una donaci\u00f3n haciendo clic en el bot\u00f3n azul &#8220;DONE AQU\u00cd&#8221; que aparece a continuaci\u00f3n:<\/p>\n<p>&nbsp;<br \/>\n<img loading=\"lazy\" decoding=\"async\" width=\"232\" height=\"300\" class=\"img-fluid wp-image-1184 aligncenter\" src=\"https:\/\/communication.ucf.edu\/icrcc\/wp-content\/uploads\/sites\/16\/2021\/11\/3-1-232x300.png\" alt=\"\" srcset=\"https:\/\/communication.ucf.edu\/icrcc\/wp-content\/uploads\/sites\/16\/2021\/11\/3-1-232x300.png 232w, https:\/\/communication.ucf.edu\/icrcc\/wp-content\/uploads\/sites\/16\/2021\/11\/3-1-791x1024.png 791w, https:\/\/communication.ucf.edu\/icrcc\/wp-content\/uploads\/sites\/16\/2021\/11\/3-1-768x994.png 768w, https:\/\/communication.ucf.edu\/icrcc\/wp-content\/uploads\/sites\/16\/2021\/11\/3-1-1187x1536.png 1187w, https:\/\/communication.ucf.edu\/icrcc\/wp-content\/uploads\/sites\/16\/2021\/11\/3-1-9x12.png 9w, https:\/\/communication.ucf.edu\/icrcc\/wp-content\/uploads\/sites\/16\/2021\/11\/3-1.png 1545w\" sizes=\"auto, (max-width: 232px) 100vw, 232px\" \/><\/p>\n<p><img loading=\"lazy\" decoding=\"async\" width=\"232\" height=\"300\" class=\"img-fluid wp-image-1185 aligncenter\" src=\"https:\/\/communication.ucf.edu\/icrcc\/wp-content\/uploads\/sites\/16\/2021\/11\/4-1-232x300.png\" alt=\"\" srcset=\"https:\/\/communication.ucf.edu\/icrcc\/wp-content\/uploads\/sites\/16\/2021\/11\/4-1-232x300.png 232w, https:\/\/communication.ucf.edu\/icrcc\/wp-content\/uploads\/sites\/16\/2021\/11\/4-1-791x1024.png 791w, https:\/\/communication.ucf.edu\/icrcc\/wp-content\/uploads\/sites\/16\/2021\/11\/4-1-768x994.png 768w, https:\/\/communication.ucf.edu\/icrcc\/wp-content\/uploads\/sites\/16\/2021\/11\/4-1-1187x1536.png 1187w, https:\/\/communication.ucf.edu\/icrcc\/wp-content\/uploads\/sites\/16\/2021\/11\/4-1-9x12.png 9w, https:\/\/communication.ucf.edu\/icrcc\/wp-content\/uploads\/sites\/16\/2021\/11\/4-1.png 1545w\" sizes=\"auto, (max-width: 232px) 100vw, 232px\" \/><\/p>\n<p><img loading=\"lazy\" decoding=\"async\" width=\"232\" height=\"300\" class=\"img-fluid wp-image-1186 aligncenter\" src=\"https:\/\/communication.ucf.edu\/icrcc\/wp-content\/uploads\/sites\/16\/2021\/11\/5-1-232x300.png\" alt=\"\" srcset=\"https:\/\/communication.ucf.edu\/icrcc\/wp-content\/uploads\/sites\/16\/2021\/11\/5-1-232x300.png 232w, https:\/\/communication.ucf.edu\/icrcc\/wp-content\/uploads\/sites\/16\/2021\/11\/5-1-791x1024.png 791w, https:\/\/communication.ucf.edu\/icrcc\/wp-content\/uploads\/sites\/16\/2021\/11\/5-1-768x994.png 768w, https:\/\/communication.ucf.edu\/icrcc\/wp-content\/uploads\/sites\/16\/2021\/11\/5-1-1187x1536.png 1187w, https:\/\/communication.ucf.edu\/icrcc\/wp-content\/uploads\/sites\/16\/2021\/11\/5-1-9x12.png 9w, https:\/\/communication.ucf.edu\/icrcc\/wp-content\/uploads\/sites\/16\/2021\/11\/5-1.png 1545w\" sizes=\"auto, (max-width: 232px) 100vw, 232px\" \/><\/p>\n<p>&nbsp;<br \/>\n(Nota: al rellenar el formulario de donaci\u00f3n, elija &#8220;Departamento de Comunicaci\u00f3n&#8221; y no &#8220;Escuela de Comunicaci\u00f3n Nicholson&#8221; en el men\u00fa desplegable para la designaci\u00f3n. Adem\u00e1s, incluya &#8220;ICRCC&#8221; en la secci\u00f3n de comentarios, para que su donaci\u00f3n se env\u00ede directamente a la conferencia. Incluya tambi\u00e9n su preferencia de c\u00f3mo le gustar\u00eda que se dirigieran a usted en los materiales de agradecimiento, por ejemplo, &#8220;el Sr. y la Sra. Smith&#8221; o el nombre de su organizaci\u00f3n).<\/p>\n<h1 style=\"text-align: center\"><a href=\"https:\/\/foundation.ucf.edu\/givetonscm\"><strong>DONE AQU\u00cd<\/strong><\/a><\/h1>\n<\/div>\n<\/div>\n","protected":false},"excerpt":{"rendered":"English Spanish This conference&#8217;s vision is to build international consortium for risk and crisis communication would not be possible without valuable sponsors. Not only do we appreciate and value your support, we truly could not continue to host the event without it. In exchange for your support, we provide you an opportunity to reach students, [&hellip;]","protected":false},"author":8,"featured_media":0,"parent":0,"menu_order":0,"comment_status":"closed","ping_status":"closed","template":"","meta":{"_acf_changed":false,"footnotes":"","_links_to":"","_links_to_target":""},"class_list":["post-75","page","type-page","status-publish","hentry"],"acf":[],"yoast_head":"<!-- This site is optimized with the Yoast SEO plugin v27.2 - https:\/\/yoast.com\/product\/yoast-seo-wordpress\/ -->\n<title>Sponsorship - International Crisis and Risk Communication Conference<\/title>\n<meta name=\"robots\" content=\"index, follow, max-snippet:-1, max-image-preview:large, max-video-preview:-1\" \/>\n<link rel=\"canonical\" href=\"https:\/\/communication.ucf.edu\/icrcc\/sponsors\/\" \/>\n<meta property=\"og:locale\" content=\"en_US\" \/>\n<meta property=\"og:type\" content=\"article\" \/>\n<meta property=\"og:title\" content=\"Sponsorship - International Crisis and Risk Communication Conference\" \/>\n<meta property=\"og:description\" content=\"English Spanish This conference&#8217;s vision is to build international consortium for risk and crisis communication would not be possible without valuable sponsors. Not only do we appreciate and value your support, we truly could not continue to host the event without it. In exchange for your support, we provide you an opportunity to reach students, [&hellip;]\" \/>\n<meta property=\"og:url\" content=\"https:\/\/communication.ucf.edu\/icrcc\/sponsors\/\" \/>\n<meta property=\"og:site_name\" content=\"International Crisis and Risk Communication Conference\" \/>\n<meta property=\"article:modified_time\" content=\"2021-12-17T17:22:02+00:00\" \/>\n<meta property=\"og:image\" content=\"https:\/\/communication.ucf.edu\/icrcc\/wp-content\/uploads\/sites\/16\/2021\/11\/3-1-232x300.png\" \/>\n<meta name=\"twitter:card\" content=\"summary_large_image\" \/>\n<meta name=\"twitter:label1\" content=\"Est. reading time\" \/>\n\t<meta name=\"twitter:data1\" content=\"2 minutes\" \/>\n<script type=\"application\/ld+json\" class=\"yoast-schema-graph\">{\"@context\":\"https:\/\/schema.org\",\"@graph\":[{\"@type\":\"WebPage\",\"@id\":\"https:\/\/communication.ucf.edu\/icrcc\/sponsors\/\",\"url\":\"https:\/\/communication.ucf.edu\/icrcc\/sponsors\/\",\"name\":\"Sponsorship - International Crisis and Risk Communication Conference\",\"isPartOf\":{\"@id\":\"https:\/\/communication.ucf.edu\/icrcc\/#website\"},\"primaryImageOfPage\":{\"@id\":\"https:\/\/communication.ucf.edu\/icrcc\/sponsors\/#primaryimage\"},\"image\":{\"@id\":\"https:\/\/communication.ucf.edu\/icrcc\/sponsors\/#primaryimage\"},\"thumbnailUrl\":\"https:\/\/communication.ucf.edu\/icrcc\/wp-content\/uploads\/sites\/16\/2021\/11\/3-1-232x300.png\",\"datePublished\":\"2020-10-08T14:55:06+00:00\",\"dateModified\":\"2021-12-17T17:22:02+00:00\",\"breadcrumb\":{\"@id\":\"https:\/\/communication.ucf.edu\/icrcc\/sponsors\/#breadcrumb\"},\"inLanguage\":\"en-US\",\"potentialAction\":[{\"@type\":\"ReadAction\",\"target\":[\"https:\/\/communication.ucf.edu\/icrcc\/sponsors\/\"]}]},{\"@type\":\"ImageObject\",\"inLanguage\":\"en-US\",\"@id\":\"https:\/\/communication.ucf.edu\/icrcc\/sponsors\/#primaryimage\",\"url\":\"https:\/\/communication.ucf.edu\/icrcc\/wp-content\/uploads\/sites\/16\/2021\/11\/3-1.png\",\"contentUrl\":\"https:\/\/communication.ucf.edu\/icrcc\/wp-content\/uploads\/sites\/16\/2021\/11\/3-1.png\",\"width\":1545,\"height\":2000,\"caption\":\"Black background with list of benefits for \\\"Diamond - $10,000+\\\" and \\\"Platinum - $5,000+\\\" sponsorship levels, including advertising, event tickets, and promotional opportunities.\"},{\"@type\":\"BreadcrumbList\",\"@id\":\"https:\/\/communication.ucf.edu\/icrcc\/sponsors\/#breadcrumb\",\"itemListElement\":[{\"@type\":\"ListItem\",\"position\":1,\"name\":\"Home\",\"item\":\"https:\/\/communication.ucf.edu\/icrcc\/\"},{\"@type\":\"ListItem\",\"position\":2,\"name\":\"Sponsorship\"}]},{\"@type\":\"WebSite\",\"@id\":\"https:\/\/communication.ucf.edu\/icrcc\/#website\",\"url\":\"https:\/\/communication.ucf.edu\/icrcc\/\",\"name\":\"International Crisis and Risk Communication Conference\",\"description\":\"\",\"potentialAction\":[{\"@type\":\"SearchAction\",\"target\":{\"@type\":\"EntryPoint\",\"urlTemplate\":\"https:\/\/communication.ucf.edu\/icrcc\/?s={search_term_string}\"},\"query-input\":{\"@type\":\"PropertyValueSpecification\",\"valueRequired\":true,\"valueName\":\"search_term_string\"}}],\"inLanguage\":\"en-US\"}]}<\/script>\n<!-- \/ Yoast SEO plugin. -->","yoast_head_json":{"title":"Sponsorship - International Crisis and Risk Communication Conference","robots":{"index":"index","follow":"follow","max-snippet":"max-snippet:-1","max-image-preview":"max-image-preview:large","max-video-preview":"max-video-preview:-1"},"canonical":"https:\/\/communication.ucf.edu\/icrcc\/sponsors\/","og_locale":"en_US","og_type":"article","og_title":"Sponsorship - International Crisis and Risk Communication Conference","og_description":"English Spanish This conference&#8217;s vision is to build international consortium for risk and crisis communication would not be possible without valuable sponsors. Not only do we appreciate and value your support, we truly could not continue to host the event without it. In exchange for your support, we provide you an opportunity to reach students, [&hellip;]","og_url":"https:\/\/communication.ucf.edu\/icrcc\/sponsors\/","og_site_name":"International Crisis and Risk Communication Conference","article_modified_time":"2021-12-17T17:22:02+00:00","og_image":[{"url":"https:\/\/communication.ucf.edu\/icrcc\/wp-content\/uploads\/sites\/16\/2021\/11\/3-1-232x300.png","type":"","width":"","height":""}],"twitter_card":"summary_large_image","twitter_misc":{"Est. reading time":"2 minutes"},"schema":{"@context":"https:\/\/schema.org","@graph":[{"@type":"WebPage","@id":"https:\/\/communication.ucf.edu\/icrcc\/sponsors\/","url":"https:\/\/communication.ucf.edu\/icrcc\/sponsors\/","name":"Sponsorship - International Crisis and Risk Communication Conference","isPartOf":{"@id":"https:\/\/communication.ucf.edu\/icrcc\/#website"},"primaryImageOfPage":{"@id":"https:\/\/communication.ucf.edu\/icrcc\/sponsors\/#primaryimage"},"image":{"@id":"https:\/\/communication.ucf.edu\/icrcc\/sponsors\/#primaryimage"},"thumbnailUrl":"https:\/\/communication.ucf.edu\/icrcc\/wp-content\/uploads\/sites\/16\/2021\/11\/3-1-232x300.png","datePublished":"2020-10-08T14:55:06+00:00","dateModified":"2021-12-17T17:22:02+00:00","breadcrumb":{"@id":"https:\/\/communication.ucf.edu\/icrcc\/sponsors\/#breadcrumb"},"inLanguage":"en-US","potentialAction":[{"@type":"ReadAction","target":["https:\/\/communication.ucf.edu\/icrcc\/sponsors\/"]}]},{"@type":"ImageObject","inLanguage":"en-US","@id":"https:\/\/communication.ucf.edu\/icrcc\/sponsors\/#primaryimage","url":"https:\/\/communication.ucf.edu\/icrcc\/wp-content\/uploads\/sites\/16\/2021\/11\/3-1.png","contentUrl":"https:\/\/communication.ucf.edu\/icrcc\/wp-content\/uploads\/sites\/16\/2021\/11\/3-1.png","width":1545,"height":2000,"caption":"Black background with list of benefits for \"Diamond - $10,000+\" and \"Platinum - $5,000+\" sponsorship levels, including advertising, event tickets, and promotional opportunities."},{"@type":"BreadcrumbList","@id":"https:\/\/communication.ucf.edu\/icrcc\/sponsors\/#breadcrumb","itemListElement":[{"@type":"ListItem","position":1,"name":"Home","item":"https:\/\/communication.ucf.edu\/icrcc\/"},{"@type":"ListItem","position":2,"name":"Sponsorship"}]},{"@type":"WebSite","@id":"https:\/\/communication.ucf.edu\/icrcc\/#website","url":"https:\/\/communication.ucf.edu\/icrcc\/","name":"International Crisis and Risk Communication Conference","description":"","potentialAction":[{"@type":"SearchAction","target":{"@type":"EntryPoint","urlTemplate":"https:\/\/communication.ucf.edu\/icrcc\/?s={search_term_string}"},"query-input":{"@type":"PropertyValueSpecification","valueRequired":true,"valueName":"search_term_string"}}],"inLanguage":"en-US"}]}},"_links":{"self":[{"href":"https:\/\/communication.ucf.edu\/icrcc\/wp-json\/wp\/v2\/pages\/75","targetHints":{"allow":["GET"]}}],"collection":[{"href":"https:\/\/communication.ucf.edu\/icrcc\/wp-json\/wp\/v2\/pages"}],"about":[{"href":"https:\/\/communication.ucf.edu\/icrcc\/wp-json\/wp\/v2\/types\/page"}],"author":[{"embeddable":true,"href":"https:\/\/communication.ucf.edu\/icrcc\/wp-json\/wp\/v2\/users\/8"}],"replies":[{"embeddable":true,"href":"https:\/\/communication.ucf.edu\/icrcc\/wp-json\/wp\/v2\/comments?post=75"}],"version-history":[{"count":21,"href":"https:\/\/communication.ucf.edu\/icrcc\/wp-json\/wp\/v2\/pages\/75\/revisions"}],"predecessor-version":[{"id":1297,"href":"https:\/\/communication.ucf.edu\/icrcc\/wp-json\/wp\/v2\/pages\/75\/revisions\/1297"}],"wp:attachment":[{"href":"https:\/\/communication.ucf.edu\/icrcc\/wp-json\/wp\/v2\/media?parent=75"}],"curies":[{"name":"wp","href":"https:\/\/api.w.org\/{rel}","templated":true}]}}